{"id":6340,"date":"2026-04-28T10:40:39","date_gmt":"2026-04-28T08:40:39","guid":{"rendered":"https:\/\/www.navi-express.com\/?post_type=product&#038;p=6340"},"modified":"2026-04-28T10:48:39","modified_gmt":"2026-04-28T08:48:39","slug":"navi-cd-volvo-rti-p2x-deutschland-2003","status":"publish","type":"product","link":"https:\/\/www.navi-express.com\/en\/shop\/volvo\/p2x-navigation-cd\/navi-cd-volvo-rti-p2x-deutschland-2003\/","title":{"rendered":"Navi CD Volvo RTI P2X Deutschland 2003"},"content":{"rendered":"<p>&nbsp;<\/p>\n<p><strong><span style=\"color: #000000;\">Original Volvo Navigations-CD Set<\/span><\/strong><\/p>\n<p><strong><span style=\"color: #000000;\">geeignet f\u00fcr Volvo RTI P2X und alte Volvo Modelle mit CD Navigation (KEINE DVD SYSTEME)<\/span><\/strong><\/p>\n<p><strong><span style=\"color: #000000;\">Detailkarten f\u00fcr Deutschland von 2003<\/span><\/strong><\/p>\n<p>&nbsp;<\/p>\n<p><strong><span style=\"color: #000000;\"><u>Geeignet f\u00fcr folgende Volvo Modelle mit CD Navi:<\/u><\/span><\/strong><\/p>\n<p style=\"text-align: left;\" align=\"center\"><b><span style=\"font-family: Arial;\"><span style=\"color: #00429a;\"><u>S40<\/u><\/span><\/span><\/b><b><span style=\"font-family: Arial;\">\u00a0\u00a0 \u00a0 vor 2003 gefertigt<\/span><\/b><\/p>\n<p style=\"text-align: left;\" align=\"center\"><b><span style=\"font-family: Arial;\"><u><span style=\"color: #00429a;\">S60<\/span><\/u>\u00a0 \u00a0 \u00a02001 gefertigt<\/span><\/b><\/p>\n<p style=\"text-align: left;\" align=\"center\"><b><span style=\"font-family: Arial;\"><u><span style=\"color: #00429a;\">S70<\/span><\/u>\u00a0 \u00a0 \u00a02000 gefertigt<\/span><\/b><\/p>\n<p style=\"text-align: left;\" align=\"center\"><b><span style=\"font-family: Arial;\"><span style=\"color: #00429a;\"><u>S80<\/u><\/span>\u00a0 \u00a0 \u00a0<\/span><\/b><b><span style=\"font-family: Arial;\">vor 2001 gefertigt<\/span><\/b><\/p>\n<p style=\"text-align: left;\" align=\"center\"><b><span style=\"font-family: Arial;\"><span style=\"color: #00429a;\"><u>V40<\/u>\u00a0 \u00a0<\/span>\u00a0\u00a0<\/span><\/b><b><span style=\"font-family: Arial;\">vor 2003 gefertigt<\/span><\/b><\/p>\n<p style=\"text-align: left;\" align=\"center\"><b><span style=\"font-family: Arial;\"><span style=\"color: #00429a;\"><u>V70<\/u>\u00a0 \u00a0<\/span>\u00a0\u00a0<\/span><\/b><b><span style=\"font-family: Arial;\">2000 &#8211; 2001 gefertigt<\/span><\/b><\/p>\n<p style=\"text-align: left;\" align=\"center\"><b><span style=\"font-family: Arial;\"><span style=\"color: #00429a;\"><u>XC70<\/u>\u00a0 \u00a0<\/span><\/span><\/b><b><span style=\"font-family: Arial;\">2000 &#8211; 2001 gefertigt<\/span><\/b><\/p>\n<p style=\"text-align: left;\" align=\"center\"><b><span style=\"font-family: Arial;\"><span style=\"color: #00429a;\"><u>C70<\/u>\u00a0 \u00a0<\/span>\u00a0\u00a0<\/span><\/b><b><span style=\"font-family: Arial;\">2000 &#8211; 2005 gefertigt<\/span><\/b><\/p>\n<p>&nbsp;<\/p>\n<p>____________________________________________________________________________________________________________________<\/p>\n<p><strong><span style=\"color: #000000;\"><u>Hersteller \/ EU verantwortliche Person:<\/u><\/span><\/strong><\/p>\n<p><strong><span style=\"color: #000000;\">Volvo Car Germany GmbH<\/span><\/strong><\/p>\n<p><strong><span style=\"color: #000000;\">Siegburger Stra\u00dfe 229<\/span><\/strong><\/p>\n<p><strong><span style=\"color: #000000;\">50679 K\u00f6ln<\/span><\/strong><\/p>\n<p><strong><span style=\"color: #000000;\">Deutschland<\/span><\/strong><\/p>\n<p><strong><span style=\"color: #000000;\">Tel.: +49 221 9393 393<\/span><\/strong><\/p>\n<p><strong><span style=\"color: #000000;\">E-Mail: Impressum-DE@volvocars.com<\/span><\/strong><\/p>","protected":false},"excerpt":{"rendered":"<p>&nbsp; Original Volvo Navigations-CD Set geeignet f\u00fcr Volvo RTI P2X und alte Volvo Modelle mit CD Navigation (KEINE DVD SYSTEME) Detailkarten f\u00fcr Deutschland von 2003 &nbsp; Geeignet f\u00fcr folgende Volvo Modelle mit CD Navi: S40\u00a0\u00a0 \u00a0 vor 2003 gefertigt S60\u00a0 \u00a0 \u00a02001 gefertigt S70\u00a0 \u00a0 \u00a02000 gefertigt S80\u00a0 \u00a0 \u00a0vor 2001 gefertigt V40\u00a0 \u00a0\u00a0\u00a0vor 2003 [&hellip;]<\/p>\n","protected":false},"featured_media":6341,"template":"","meta":{"ocean_post_layout":"","ocean_both_sidebars_style":"","ocean_both_sidebars_content_width":0,"ocean_both_sidebars_sidebars_width":0,"ocean_sidebar":"0","ocean_second_sidebar":"0","ocean_disable_margins":"enable","ocean_add_body_class":"","ocean_shortcode_before_top_bar":"","ocean_shortcode_after_top_bar":"","ocean_shortcode_before_header":"","ocean_shortcode_after_header":"","ocean_has_shortcode":"","ocean_shortcode_after_title":"","ocean_shortcode_before_footer_widgets":"","ocean_shortcode_after_footer_widgets":"","ocean_shortcode_before_footer_bottom":"","ocean_shortcode_after_footer_bottom":"","ocean_display_top_bar":"default","ocean_display_header":"default","ocean_header_style":"","ocean_center_header_left_menu":"0","ocean_custom_header_template":"0","ocean_custom_logo":0,"ocean_custom_retina_logo":0,"ocean_custom_logo_max_width":0,"ocean_custom_logo_tablet_max_width":0,"ocean_custom_logo_mobile_max_width":0,"ocean_custom_logo_max_height":0,"ocean_custom_logo_tablet_max_height":0,"ocean_custom_logo_mobile_max_height":0,"ocean_header_custom_menu":"0","ocean_menu_typo_font_family":"0","ocean_menu_typo_font_subset":"","ocean_menu_typo_font_size":0,"ocean_menu_typo_font_size_tablet":0,"ocean_menu_typo_font_size_mobile":0,"ocean_menu_typo_font_size_unit":"px","ocean_menu_typo_font_weight":"","ocean_menu_typo_font_weight_tablet":"","ocean_menu_typo_font_weight_mobile":"","ocean_menu_typo_transform":"","ocean_menu_typo_transform_tablet":"","ocean_menu_typo_transform_mobile":"","ocean_menu_typo_line_height":0,"ocean_menu_typo_line_height_tablet":0,"ocean_menu_typo_line_height_mobile":0,"ocean_menu_typo_line_height_unit":"","ocean_menu_typo_spacing":0,"ocean_menu_typo_spacing_tablet":0,"ocean_menu_typo_spacing_mobile":0,"ocean_menu_typo_spacing_unit":"","ocean_menu_link_color":"","ocean_menu_link_color_hover":"","ocean_menu_link_color_active":"","ocean_menu_link_background":"","ocean_menu_link_hover_background":"","ocean_menu_link_active_background":"","ocean_menu_social_links_bg":"","ocean_menu_social_hover_links_bg":"","ocean_menu_social_links_color":"","ocean_menu_social_hover_links_color":"","ocean_disable_title":"default","ocean_disable_heading":"default","ocean_post_title":"","ocean_post_subheading":"","ocean_post_title_style":"","ocean_post_title_background_color":"","ocean_post_title_background":0,"ocean_post_title_bg_image_position":"","ocean_post_title_bg_image_attachment":"","ocean_post_title_bg_image_repeat":"","ocean_post_title_bg_image_size":"","ocean_post_title_height":0,"ocean_post_title_bg_overlay":0.5,"ocean_post_title_bg_overlay_color":"","ocean_disable_breadcrumbs":"default","ocean_breadcrumbs_color":"","ocean_breadcrumbs_separator_color":"","ocean_breadcrumbs_links_color":"","ocean_breadcrumbs_links_hover_color":"","ocean_display_footer_widgets":"default","ocean_display_footer_bottom":"default","ocean_custom_footer_template":"0"},"product_brand":[],"product_cat":[18],"product_tag":[1535,1536],"class_list":{"0":"post-6340","1":"product","2":"type-product","3":"status-publish","4":"has-post-thumbnail","6":"product_cat-p2x-navigation-cd","7":"product_tag-p2x","8":"product_tag-volvo-navi-cd","10":"entry","11":"has-media","13":"first","14":"instock","15":"purchasable","16":"product-type-simple","17":"col","18":"span_1_of_4","19":"owp-content-center","20":"item-entry","21":"owp-thumbs-layout-horizontal","22":"owp-btn-normal","23":"owp-tabs-layout-horizontal"},"yoast_head":"<!-- This site is optimized with the Yoast SEO plugin v27.5 - https:\/\/yoast.com\/product\/yoast-seo-wordpress\/ -->\n<title>Volvo RTI P2X Navigation CD Deutschland 2003<\/title>\n<meta name=\"description\" content=\"Original Volvo Navigation CD f\u00fcr das Volvo RTI P2X Navigationssystem mit CD Navigation (KEINE DVD) . Detailkarten f\u00fcr Deutschland von 2003.\" \/>\n<meta name=\"robots\" content=\"index, follow, max-snippet:-1, max-image-preview:large, max-video-preview:-1\" \/>\n<link rel=\"canonical\" href=\"https:\/\/www.navi-express.com\/en\/shop\/volvo\/p2x-navigation-cd\/navi-cd-volvo-rti-p2x-deutschland-2003\/\" \/>\n<meta property=\"og:locale\" content=\"en_US\" \/>\n<meta property=\"og:type\" content=\"article\" \/>\n<meta property=\"og:title\" content=\"Volvo RTI P2X Navigation CD Deutschland 2003\" \/>\n<meta property=\"og:description\" content=\"Original Volvo Navigation CD f\u00fcr das Volvo RTI P2X Navigationssystem mit CD Navigation (KEINE DVD) . Detailkarten f\u00fcr Deutschland von 2003.\" \/>\n<meta property=\"og:url\" content=\"https:\/\/www.navi-express.com\/en\/shop\/volvo\/p2x-navigation-cd\/navi-cd-volvo-rti-p2x-deutschland-2003\/\" \/>\n<meta property=\"og:site_name\" content=\"Navi-Express\" \/>\n<meta property=\"article:modified_time\" content=\"2026-04-28T08:48:39+00:00\" \/>\n<meta property=\"og:image\" content=\"https:\/\/www.navi-express.com\/wp-content\/uploads\/2026\/04\/20260428_091200-scaled.jpg\" \/>\n\t<meta property=\"og:image:width\" content=\"2560\" \/>\n\t<meta property=\"og:image:height\" content=\"1920\" \/>\n\t<meta property=\"og:image:type\" content=\"image\/jpeg\" \/>\n<meta name=\"twitter:card\" content=\"summary_large_image\" \/>\n<meta name=\"twitter:label1\" content=\"Est. reading time\" \/>\n\t<meta name=\"twitter:data1\" content=\"1 minute\" \/>\n<script type=\"application\/ld+json\" class=\"yoast-schema-graph\">{\"@context\":\"https:\\\/\\\/schema.org\",\"@graph\":[{\"@type\":\"WebPage\",\"@id\":\"https:\\\/\\\/www.navi-express.com\\\/shop\\\/volvo\\\/p2x-navigation-cd\\\/navi-cd-volvo-rti-p2x-deutschland-2003\\\/\",\"url\":\"https:\\\/\\\/www.navi-express.com\\\/shop\\\/volvo\\\/p2x-navigation-cd\\\/navi-cd-volvo-rti-p2x-deutschland-2003\\\/\",\"name\":\"Volvo RTI P2X Navigation CD Deutschland 2003\",\"isPartOf\":{\"@id\":\"https:\\\/\\\/www.navi-express.com\\\/#website\"},\"primaryImageOfPage\":{\"@id\":\"https:\\\/\\\/www.navi-express.com\\\/shop\\\/volvo\\\/p2x-navigation-cd\\\/navi-cd-volvo-rti-p2x-deutschland-2003\\\/#primaryimage\"},\"image\":{\"@id\":\"https:\\\/\\\/www.navi-express.com\\\/shop\\\/volvo\\\/p2x-navigation-cd\\\/navi-cd-volvo-rti-p2x-deutschland-2003\\\/#primaryimage\"},\"thumbnailUrl\":\"https:\\\/\\\/www.navi-express.com\\\/wp-content\\\/uploads\\\/2026\\\/04\\\/20260428_091200-scaled.jpg\",\"datePublished\":\"2026-04-28T08:40:39+00:00\",\"dateModified\":\"2026-04-28T08:48:39+00:00\",\"description\":\"Original Volvo Navigation CD f\u00fcr das Volvo RTI P2X Navigationssystem mit CD Navigation (KEINE DVD) . Detailkarten f\u00fcr Deutschland von 2003.\",\"breadcrumb\":{\"@id\":\"https:\\\/\\\/www.navi-express.com\\\/shop\\\/volvo\\\/p2x-navigation-cd\\\/navi-cd-volvo-rti-p2x-deutschland-2003\\\/#breadcrumb\"},\"inLanguage\":\"en-US\",\"potentialAction\":[{\"@type\":\"ReadAction\",\"target\":[\"https:\\\/\\\/www.navi-express.com\\\/shop\\\/volvo\\\/p2x-navigation-cd\\\/navi-cd-volvo-rti-p2x-deutschland-2003\\\/\"]}]},{\"@type\":\"ImageObject\",\"inLanguage\":\"en-US\",\"@id\":\"https:\\\/\\\/www.navi-express.com\\\/shop\\\/volvo\\\/p2x-navigation-cd\\\/navi-cd-volvo-rti-p2x-deutschland-2003\\\/#primaryimage\",\"url\":\"https:\\\/\\\/www.navi-express.com\\\/wp-content\\\/uploads\\\/2026\\\/04\\\/20260428_091200-scaled.jpg\",\"contentUrl\":\"https:\\\/\\\/www.navi-express.com\\\/wp-content\\\/uploads\\\/2026\\\/04\\\/20260428_091200-scaled.jpg\",\"width\":2560,\"height\":1920},{\"@type\":\"BreadcrumbList\",\"@id\":\"https:\\\/\\\/www.navi-express.com\\\/shop\\\/volvo\\\/p2x-navigation-cd\\\/navi-cd-volvo-rti-p2x-deutschland-2003\\\/#breadcrumb\",\"itemListElement\":[{\"@type\":\"ListItem\",\"position\":1,\"name\":\"Startseite\",\"item\":\"https:\\\/\\\/www.navi-express.com\\\/\"},{\"@type\":\"ListItem\",\"position\":2,\"name\":\"Shop\",\"item\":\"https:\\\/\\\/www.navi-express.com\\\/shop\\\/\"},{\"@type\":\"ListItem\",\"position\":3,\"name\":\"Navi CD Volvo RTI P2X Deutschland 2003\"}]},{\"@type\":\"WebSite\",\"@id\":\"https:\\\/\\\/www.navi-express.com\\\/#website\",\"url\":\"https:\\\/\\\/www.navi-express.com\\\/\",\"name\":\"Navi-Express\",\"description\":\"Ihr Experte f\u00fcr Navigation\",\"publisher\":{\"@id\":\"https:\\\/\\\/www.navi-express.com\\\/#organization\"},\"alternateName\":\"NE\",\"potentialAction\":[{\"@type\":\"SearchAction\",\"target\":{\"@type\":\"EntryPoint\",\"urlTemplate\":\"https:\\\/\\\/www.navi-express.com\\\/?s={search_term_string}\"},\"query-input\":{\"@type\":\"PropertyValueSpecification\",\"valueRequired\":true,\"valueName\":\"search_term_string\"}}],\"inLanguage\":\"en-US\"},{\"@type\":\"Organization\",\"@id\":\"https:\\\/\\\/www.navi-express.com\\\/#organization\",\"name\":\"Navi-Express\",\"alternateName\":\"NE\",\"url\":\"https:\\\/\\\/www.navi-express.com\\\/\",\"logo\":{\"@type\":\"ImageObject\",\"inLanguage\":\"en-US\",\"@id\":\"https:\\\/\\\/www.navi-express.com\\\/#\\\/schema\\\/logo\\\/image\\\/\",\"url\":\"https:\\\/\\\/www.navi-express.com\\\/wp-content\\\/uploads\\\/2019\\\/03\\\/cropped-logo-transpbearb-1.png\",\"contentUrl\":\"https:\\\/\\\/www.navi-express.com\\\/wp-content\\\/uploads\\\/2019\\\/03\\\/cropped-logo-transpbearb-1.png\",\"width\":512,\"height\":512,\"caption\":\"Navi-Express\"},\"image\":{\"@id\":\"https:\\\/\\\/www.navi-express.com\\\/#\\\/schema\\\/logo\\\/image\\\/\"}}]}<\/script>\n<!-- \/ Yoast SEO plugin. -->","yoast_head_json":{"title":"Volvo RTI P2X Navigation CD Deutschland 2003","description":"Original Volvo Navigation CD f\u00fcr das Volvo RTI P2X Navigationssystem mit CD Navigation (KEINE DVD) . Detailkarten f\u00fcr Deutschland von 2003.","robots":{"index":"index","follow":"follow","max-snippet":"max-snippet:-1","max-image-preview":"max-image-preview:large","max-video-preview":"max-video-preview:-1"},"canonical":"https:\/\/www.navi-express.com\/en\/shop\/volvo\/p2x-navigation-cd\/navi-cd-volvo-rti-p2x-deutschland-2003\/","og_locale":"en_US","og_type":"article","og_title":"Volvo RTI P2X Navigation CD Deutschland 2003","og_description":"Original Volvo Navigation CD f\u00fcr das Volvo RTI P2X Navigationssystem mit CD Navigation (KEINE DVD) . Detailkarten f\u00fcr Deutschland von 2003.","og_url":"https:\/\/www.navi-express.com\/en\/shop\/volvo\/p2x-navigation-cd\/navi-cd-volvo-rti-p2x-deutschland-2003\/","og_site_name":"Navi-Express","article_modified_time":"2026-04-28T08:48:39+00:00","og_image":[{"width":2560,"height":1920,"url":"https:\/\/www.navi-express.com\/wp-content\/uploads\/2026\/04\/20260428_091200-scaled.jpg","type":"image\/jpeg"}],"twitter_card":"summary_large_image","twitter_misc":{"Est. reading time":"1 minute"},"schema":{"@context":"https:\/\/schema.org","@graph":[{"@type":"WebPage","@id":"https:\/\/www.navi-express.com\/shop\/volvo\/p2x-navigation-cd\/navi-cd-volvo-rti-p2x-deutschland-2003\/","url":"https:\/\/www.navi-express.com\/shop\/volvo\/p2x-navigation-cd\/navi-cd-volvo-rti-p2x-deutschland-2003\/","name":"Volvo RTI P2X Navigation CD Deutschland 2003","isPartOf":{"@id":"https:\/\/www.navi-express.com\/#website"},"primaryImageOfPage":{"@id":"https:\/\/www.navi-express.com\/shop\/volvo\/p2x-navigation-cd\/navi-cd-volvo-rti-p2x-deutschland-2003\/#primaryimage"},"image":{"@id":"https:\/\/www.navi-express.com\/shop\/volvo\/p2x-navigation-cd\/navi-cd-volvo-rti-p2x-deutschland-2003\/#primaryimage"},"thumbnailUrl":"https:\/\/www.navi-express.com\/wp-content\/uploads\/2026\/04\/20260428_091200-scaled.jpg","datePublished":"2026-04-28T08:40:39+00:00","dateModified":"2026-04-28T08:48:39+00:00","description":"Original Volvo Navigation CD f\u00fcr das Volvo RTI P2X Navigationssystem mit CD Navigation (KEINE DVD) . Detailkarten f\u00fcr Deutschland von 2003.","breadcrumb":{"@id":"https:\/\/www.navi-express.com\/shop\/volvo\/p2x-navigation-cd\/navi-cd-volvo-rti-p2x-deutschland-2003\/#breadcrumb"},"inLanguage":"en-US","potentialAction":[{"@type":"ReadAction","target":["https:\/\/www.navi-express.com\/shop\/volvo\/p2x-navigation-cd\/navi-cd-volvo-rti-p2x-deutschland-2003\/"]}]},{"@type":"ImageObject","inLanguage":"en-US","@id":"https:\/\/www.navi-express.com\/shop\/volvo\/p2x-navigation-cd\/navi-cd-volvo-rti-p2x-deutschland-2003\/#primaryimage","url":"https:\/\/www.navi-express.com\/wp-content\/uploads\/2026\/04\/20260428_091200-scaled.jpg","contentUrl":"https:\/\/www.navi-express.com\/wp-content\/uploads\/2026\/04\/20260428_091200-scaled.jpg","width":2560,"height":1920},{"@type":"BreadcrumbList","@id":"https:\/\/www.navi-express.com\/shop\/volvo\/p2x-navigation-cd\/navi-cd-volvo-rti-p2x-deutschland-2003\/#breadcrumb","itemListElement":[{"@type":"ListItem","position":1,"name":"Startseite","item":"https:\/\/www.navi-express.com\/"},{"@type":"ListItem","position":2,"name":"Shop","item":"https:\/\/www.navi-express.com\/shop\/"},{"@type":"ListItem","position":3,"name":"Navi CD Volvo RTI P2X Deutschland 2003"}]},{"@type":"WebSite","@id":"https:\/\/www.navi-express.com\/#website","url":"https:\/\/www.navi-express.com\/","name":"Navi-Express","description":"Ihr Experte f\u00fcr Navigation","publisher":{"@id":"https:\/\/www.navi-express.com\/#organization"},"alternateName":"NE","potentialAction":[{"@type":"SearchAction","target":{"@type":"EntryPoint","urlTemplate":"https:\/\/www.navi-express.com\/?s={search_term_string}"},"query-input":{"@type":"PropertyValueSpecification","valueRequired":true,"valueName":"search_term_string"}}],"inLanguage":"en-US"},{"@type":"Organization","@id":"https:\/\/www.navi-express.com\/#organization","name":"Navi-Express","alternateName":"NE","url":"https:\/\/www.navi-express.com\/","logo":{"@type":"ImageObject","inLanguage":"en-US","@id":"https:\/\/www.navi-express.com\/#\/schema\/logo\/image\/","url":"https:\/\/www.navi-express.com\/wp-content\/uploads\/2019\/03\/cropped-logo-transpbearb-1.png","contentUrl":"https:\/\/www.navi-express.com\/wp-content\/uploads\/2019\/03\/cropped-logo-transpbearb-1.png","width":512,"height":512,"caption":"Navi-Express"},"image":{"@id":"https:\/\/www.navi-express.com\/#\/schema\/logo\/image\/"}}]}},"_links":{"self":[{"href":"https:\/\/www.navi-express.com\/en\/wp-json\/wp\/v2\/product\/6340","targetHints":{"allow":["GET"]}}],"collection":[{"href":"https:\/\/www.navi-express.com\/en\/wp-json\/wp\/v2\/product"}],"about":[{"href":"https:\/\/www.navi-express.com\/en\/wp-json\/wp\/v2\/types\/product"}],"wp:featuredmedia":[{"embeddable":true,"href":"https:\/\/www.navi-express.com\/en\/wp-json\/wp\/v2\/media\/6341"}],"wp:attachment":[{"href":"https:\/\/www.navi-express.com\/en\/wp-json\/wp\/v2\/media?parent=6340"}],"wp:term":[{"taxonomy":"product_brand","embeddable":true,"href":"https:\/\/www.navi-express.com\/en\/wp-json\/wp\/v2\/product_brand?post=6340"},{"taxonomy":"product_cat","embeddable":true,"href":"https:\/\/www.navi-express.com\/en\/wp-json\/wp\/v2\/product_cat?post=6340"},{"taxonomy":"product_tag","embeddable":true,"href":"https:\/\/www.navi-express.com\/en\/wp-json\/wp\/v2\/product_tag?post=6340"}],"curies":[{"name":"wp","href":"https:\/\/api.w.org\/{rel}","templated":true}]}}