{"id":684,"date":"2021-03-15T10:45:37","date_gmt":"2021-03-15T09:45:37","guid":{"rendered":"https:\/\/www.navi-express.com\/?post_type=product&#038;p=684"},"modified":"2024-12-13T16:34:55","modified_gmt":"2024-12-13T15:34:55","slug":"mercedes-erstinstallation-aktivierung-sd-karte-navigation-europa-2021-2022-audio-20-ntg-5-5-a2059069606","status":"publish","type":"product","link":"https:\/\/www.navi-express.com\/en\/shop\/mercedes-benz\/sd-karte-mercedes-benz-audio-20-ntg-5-5\/mercedes-erstinstallation-aktivierung-sd-karte-navigation-europa-2021-2022-audio-20-ntg-5-5-a2059069606\/","title":{"rendered":"Mercedes Erstinstallation Aktivierung SD Karte Navigation EUROPA 2021\/2022  AUDIO 20 NTG 5.5 A2059069606"},"content":{"rendered":"<p style=\"font-weight: 400;\"><span style=\"color: #000000;\"><strong>Original + NEU + IN FOLIE VERSCHWEI\u00dfT<\/strong><\/span><\/p>\n<p style=\"font-weight: 400;\"><span style=\"color: #000000;\"><strong><br \/>\nMercedes-Benz SD CARD \/ SD KARTE<\/strong><\/span><\/p>\n<p style=\"font-weight: 400;\"><span style=\"color: #000000;\"><strong>SD Karte f\u00fcr die Erstinstallation bzw. Aktivierung des Navis<\/strong><\/span><\/p>\n<p style=\"font-weight: 400;\"><span style=\"color: #000000;\"><strong>EUROPA 2021\/2022<\/strong><\/span><\/p>\n<p style=\"font-weight: 400;\"><span style=\"color: #000000;\"><strong>f\u00fcr<\/strong><\/span><\/p>\n<p style=\"font-weight: 400;\"><span style=\"color: #000000;\"><strong>Audio 20<\/strong><\/span><\/p>\n<p style=\"font-weight: 400;\"><span style=\"color: #000000;\"><strong>NTG5.5<\/strong><\/span><\/p>\n<p style=\"font-weight: 400;\"><span style=\"color: #000000;\"><strong>SD Karte f\u00fcr die Nachr\u00fcstung ( Code 357 )<\/strong><\/span><\/p>\n<blockquote>\n<p style=\"font-weight: 400;\"><span style=\"color: #000000;\"><strong><u>&gt; Mercedes Benz Preis 595,00 \u20ac &lt;&lt;<\/u><\/strong><\/span><\/p>\n<\/blockquote>\n<p>&nbsp;<\/p>\n<p>&nbsp;<\/p>\n<p style=\"font-weight: 400;\"><span style=\"color: #000000;\"><strong><u>Wichtige Hinweise:<\/u><\/strong><\/span><\/p>\n<p style=\"font-weight: 400;\"><span style=\"color: #000000;\"><strong><u>BITTE LESEN! PLEASE READ!<\/u><\/strong><\/span><\/p>\n<p style=\"font-weight: 400;\"><span style=\"color: #000000;\"><strong>Dies ist eine Originale und initiale Garmin\u00ae MAP PILOT SD-Karte, welche das Navigationsger\u00e4t NTG 5.5 aktiviert<\/strong><\/span><\/p>\n<p style=\"font-weight: 400;\"><span style=\"color: #000000;\"><strong>Die SD-Karte eignet sich\u00a0<u>NICHT<\/u> f\u00fcr NTG5 Star1 oder NTG5 Star2 Ger\u00e4te<\/strong><\/span><\/p>\n<ul style=\"font-weight: 400;\">\n<li><span style=\"color: #000000;\"><strong><u>Code 355<\/u>\u00a0(vorhandene Vorr\u00fcstung) muss vorhanden sein !<\/strong><\/span><\/li>\n<\/ul>\n<ul style=\"font-weight: 400;\">\n<li><span style=\"color: #000000;\"><strong><u>Code 506\u00a0<\/u>(Audio 20 mit gr\u00f6\u00dferem Display) muss vorhanden sein !<\/strong><\/span><\/li>\n<\/ul>\n<p><span style=\"color: #000000;\"><strong>\u00a0<\/strong><\/span><\/p>\n<p style=\"font-weight: 400;\"><span style=\"color: #000000;\"><strong>Da die SD Karte Navigation nach Einschub mit der Head-Unit verheiratet wird, ist diese nicht in andere Fahrzeuge \u00fcbertragbar<\/strong><\/span><\/p>\n<p>&nbsp;<\/p>\n<p>&nbsp;<\/p>\n<p style=\"font-weight: 400;\"><span style=\"color: #000000;\"><strong><u>Baureihe C-Klasse:<\/u><\/strong><\/span><\/p>\n<p style=\"font-weight: 400;\"><span style=\"color: #000000;\"><strong>&#8211; A205 ( BJ ab 07\/2018 &#8211; &#8230; )<\/strong><\/span><\/p>\n<p style=\"font-weight: 400;\"><span style=\"color: #000000;\"><strong>&#8211; C205 ( BJ ab 07\/2018 &#8211; &#8230; )<\/strong><\/span><\/p>\n<p style=\"font-weight: 400;\"><span style=\"color: #000000;\"><strong>&#8211; S205 ( BJ ab 07\/2018 &#8211; &#8230; )<\/strong><\/span><\/p>\n<p style=\"font-weight: 400;\"><span style=\"color: #000000;\"><strong>&#8211; W205 ( BJ ab 07\/2018 &#8211; &#8230; )<\/strong><\/span><\/p>\n<p style=\"font-weight: 400;\"><span style=\"color: #000000;\"><strong><u>Baureihe E-Klasse:<\/u><\/strong><\/span><\/p>\n<p style=\"font-weight: 400;\"><span style=\"color: #000000;\"><strong>&#8211; S213 ( BJ ab 10\/2016 &#8211; &#8230; )<\/strong><\/span><\/p>\n<p style=\"font-weight: 400;\"><span style=\"color: #000000;\"><strong>&#8211; V213 ( BJ ab 09\/2016 &#8211; &#8230; )<\/strong><\/span><\/p>\n<p style=\"font-weight: 400;\"><span style=\"color: #000000;\"><strong>&#8211; W213 ( BJ ab 04\/2016 &#8211; &#8230; )<\/strong><\/span><\/p>\n<p style=\"font-weight: 400;\"><span style=\"color: #000000;\"><strong>&#8211; A238 (BJ ab 09\/2017 &#8211; &#8230;)<\/strong><\/span><\/p>\n<p style=\"font-weight: 400;\"><span style=\"color: #000000;\"><strong>&#8211; C238 (BJ ab 09\/2017 &#8211; &#8230;)<\/strong><\/span><\/p>\n<p style=\"font-weight: 400;\"><span style=\"color: #000000;\"><strong><u>Baureihe CLS:<\/u><\/strong><\/span><\/p>\n<p style=\"font-weight: 400;\"><span style=\"color: #000000;\"><strong>&#8211; C257 ( BJ ab 03\/2018 &#8211; &#8230; )<\/strong><\/span><\/p>\n<p>&nbsp;<\/p>\n<p style=\"font-weight: 400;\"><span style=\"color: #000000;\"><b>Nach aktuellem Stand und Wissen ist auf der SD Karte kein Live Traffic mehr vorhanden.<\/b><\/span><\/p>\n<p><span style=\"color: #000000;\"><b>Dieser Dienst muss bei Mercedes extra noch (kostenpflichtig) dazu gebucht werden.<\/b><\/span><\/p>\n<p>&nbsp;<\/p>\n<p>&nbsp;<\/p>\n<p>&nbsp;<\/p>\n<p><span style=\"color: #000000;\"><u><strong>Verf\u00fcgbare L\u00e4nder:<\/strong><\/u><\/span><\/p>\n<p style=\"font-weight: 400;\"><span style=\"color: #000000;\"><strong>Albanien, Andorra, Belarus, Belgien, Bosnien und Herzegowina, Bulgarien, D\u00e4nemark, Deutschland, Estland, Finnland, Frankreich, Gibraltar, Gro\u00dfbritannien, Griechenland, Irland, Island, Italien, Kasachstan, Kosovo, Kroatien, Lettland, Liechtenstein, Litauen, Luxemburg, Nordmazedonien, Malta, Moldawien, Monaco, Montenegro, Niederlande, Norwegen, \u00d6sterreich, Polen, Portugal, Rum\u00e4nien, Russland, San Marino, Serbien, Slowakei, Slowenien, Spanien, Schweden, Schweiz, T\u00fcrkei, Tschechische Republik, Ukraine, Ungarn, Vatikanstaat, Zypern<\/strong><\/span><\/p>\n<p style=\"font-weight: 400;\">\n<p>____________________________________________________________________________________________________________________<\/p>\n<p><strong><span style=\"color: #000000;\"><u>Hersteller \/ EU verantwortliche Person:<\/u><\/span><\/strong><\/p>\n<p><strong><span style=\"color: #000000;\">Mercedes-Benz AG<\/span><\/strong><\/p>\n<p><strong><span style=\"color: #000000;\">Mercedesstra\u00dfe 120<\/span><\/strong><\/p>\n<p><strong><span style=\"color: #000000;\">70372 Stuttgart<\/span><\/strong><\/p>\n<p><strong><span style=\"color: #000000;\">Deutschland<\/span><\/strong><\/p>\n<p><strong><span style=\"color: #000000;\">Tel.: +49 711 17-0<\/span><\/strong><\/p>\n<p><strong><span style=\"color: #000000;\">E-Mail: dialog.mb@mercedes-benz.com<\/span><\/strong><\/p>","protected":false},"excerpt":{"rendered":"<p style=\"font-weight: 400;\"><span style=\"color: #000000;\"><strong>Original + NEU + IN FOLIE VERSCHWEI\u00dfT<\/strong><\/span><\/p>\n<p style=\"font-weight: 400;\"><span style=\"color: #000000;\"><strong>Mercedes-Benz SD CARD \/ SD KARTE<\/strong><\/span><\/p>\n<p style=\"font-weight: 400;\"><span style=\"color: #000000;\"><strong>SD Karte f\u00fcr die Erstinstallation bzw. Aktivierung des Navis<\/strong><\/span><\/p>\n<p style=\"font-weight: 400;\"><span style=\"color: #000000;\"><strong>EUROPA 2021\/2022<\/strong><\/span><\/p>\n<p style=\"font-weight: 400;\"><span style=\"color: #000000;\"><strong>f\u00fcr\u00a0<\/strong><\/span><span style=\"color: #000000;\"><strong>Audio 20\u00a0<\/strong><\/span><span style=\"color: #000000;\"><strong>NTG5.5<\/strong><\/span><\/p>\n<p style=\"font-weight: 400;\"><span style=\"color: #000000;\"><strong>SD Karte f\u00fcr die Nachr\u00fcstung ( Code 357 )<\/strong><\/span><\/p>\n<p>&nbsp;<\/p>\n<p style=\"font-weight: 400;\"><span style=\"color: #000000;\"><strong><u>Wichtige Hinweise:<\/u><\/strong><\/span><\/p>\n<p style=\"font-weight: 400;\"><span style=\"color: #000000;\"><strong><u>BITTE LESEN! PLEASE READ!<\/u><\/strong><\/span><\/p>\n<p style=\"font-weight: 400;\"><span style=\"color: #000000;\"><strong>Dies ist eine Originale und initiale Garmin\u00ae MAP PILOT SD-Karte, welche das Navigationsger\u00e4t NTG 5.5 aktiviert<\/strong><\/span><\/p>\n<p style=\"font-weight: 400;\"><span style=\"color: #000000;\"><strong>Die SD-Karte eignet sich\u00a0<u>NICHT<\/u>\u00a0f\u00fcr NTG5 Star1 oder NTG5 Star2 !<\/strong><\/span><\/p>\n<ul style=\"font-weight: 400;\">\n<li><span style=\"color: #000000;\"><strong><u>Code 355<\/u>\u00a0(vorhandene Vorr\u00fcstung) muss vorhanden sein !<\/strong><\/span><\/li>\n<\/ul>\n<ul style=\"font-weight: 400;\">\n<li><span style=\"color: #000000;\"><strong><u>Code 506\u00a0<\/u>(Audio 20 mit gr\u00f6\u00dferem Display) muss vorhanden sein !<\/strong><\/span><\/li>\n<\/ul>","protected":false},"featured_media":1033,"template":"","meta":{"ocean_post_layout":"","ocean_both_sidebars_style":"","ocean_both_sidebars_content_width":0,"ocean_both_sidebars_sidebars_width":0,"ocean_sidebar":"0","ocean_second_sidebar":"0","ocean_disable_margins":"enable","ocean_add_body_class":"","ocean_shortcode_before_top_bar":"","ocean_shortcode_after_top_bar":"","ocean_shortcode_before_header":"","ocean_shortcode_after_header":"","ocean_has_shortcode":"","ocean_shortcode_after_title":"","ocean_shortcode_before_footer_widgets":"","ocean_shortcode_after_footer_widgets":"","ocean_shortcode_before_footer_bottom":"","ocean_shortcode_after_footer_bottom":"","ocean_display_top_bar":"default","ocean_display_header":"default","ocean_header_style":"","ocean_center_header_left_menu":"0","ocean_custom_header_template":"0","ocean_custom_logo":0,"ocean_custom_retina_logo":0,"ocean_custom_logo_max_width":0,"ocean_custom_logo_tablet_max_width":0,"ocean_custom_logo_mobile_max_width":0,"ocean_custom_logo_max_height":0,"ocean_custom_logo_tablet_max_height":0,"ocean_custom_logo_mobile_max_height":0,"ocean_header_custom_menu":"0","ocean_menu_typo_font_family":"0","ocean_menu_typo_font_subset":"","ocean_menu_typo_font_size":0,"ocean_menu_typo_font_size_tablet":0,"ocean_menu_typo_font_size_mobile":0,"ocean_menu_typo_font_size_unit":"px","ocean_menu_typo_font_weight":"","ocean_menu_typo_font_weight_tablet":"","ocean_menu_typo_font_weight_mobile":"","ocean_menu_typo_transform":"","ocean_menu_typo_transform_tablet":"","ocean_menu_typo_transform_mobile":"","ocean_menu_typo_line_height":0,"ocean_menu_typo_line_height_tablet":0,"ocean_menu_typo_line_height_mobile":0,"ocean_menu_typo_line_height_unit":"","ocean_menu_typo_spacing":0,"ocean_menu_typo_spacing_tablet":0,"ocean_menu_typo_spacing_mobile":0,"ocean_menu_typo_spacing_unit":"","ocean_menu_link_color":"","ocean_menu_link_color_hover":"","ocean_menu_link_color_active":"","ocean_menu_link_background":"","ocean_menu_link_hover_background":"","ocean_menu_link_active_background":"","ocean_menu_social_links_bg":"","ocean_menu_social_hover_links_bg":"","ocean_menu_social_links_color":"","ocean_menu_social_hover_links_color":"","ocean_disable_title":"default","ocean_disable_heading":"default","ocean_post_title":"","ocean_post_subheading":"","ocean_post_title_style":"","ocean_post_title_background_color":"","ocean_post_title_background":0,"ocean_post_title_bg_image_position":"","ocean_post_title_bg_image_attachment":"","ocean_post_title_bg_image_repeat":"","ocean_post_title_bg_image_size":"","ocean_post_title_height":0,"ocean_post_title_bg_overlay":0.5,"ocean_post_title_bg_overlay_color":"","ocean_disable_breadcrumbs":"default","ocean_breadcrumbs_color":"","ocean_breadcrumbs_separator_color":"","ocean_breadcrumbs_links_color":"","ocean_breadcrumbs_links_hover_color":"","ocean_display_footer_widgets":"default","ocean_display_footer_bottom":"default","ocean_custom_footer_template":"0"},"product_brand":[],"product_cat":[253],"product_tag":[394,188,332,225,224,227,229],"class_list":{"0":"post-684","1":"product","2":"type-product","3":"status-publish","4":"has-post-thumbnail","6":"product_cat-sd-karte-mercedes-benz-audio-20-ntg-5-5","7":"product_tag-a2059069606","8":"product_tag-audio-20","9":"product_tag-europa-2021-2022","10":"product_tag-ntg-5-5","11":"product_tag-ntg5-5","12":"product_tag-schwarz","13":"product_tag-sd-karte-navigation","15":"entry","16":"has-media","18":"first","19":"outofstock","20":"purchasable","21":"product-type-simple","22":"col","23":"span_1_of_4","24":"owp-content-center","25":"item-entry","26":"owp-thumbs-layout-horizontal","27":"owp-btn-normal","28":"owp-tabs-layout-horizontal"},"yoast_head":"<!-- This site is optimized with the Yoast SEO plugin v27.4 - https:\/\/yoast.com\/product\/yoast-seo-wordpress\/ -->\n<title>Mercedes Erstinstallation Aktivierung SD Karte Navigation EUROPA 2021\/2022 AUDIO 20 NTG 5.5 A2059069606 - Navi-Express<\/title>\n<meta name=\"robots\" content=\"index, follow, max-snippet:-1, max-image-preview:large, max-video-preview:-1\" \/>\n<link rel=\"canonical\" href=\"https:\/\/www.navi-express.com\/en\/shop\/mercedes-benz\/sd-karte-mercedes-benz-audio-20-ntg-5-5\/mercedes-erstinstallation-aktivierung-sd-karte-navigation-europa-2021-2022-audio-20-ntg-5-5-a2059069606\/\" \/>\n<meta property=\"og:locale\" content=\"en_US\" \/>\n<meta property=\"og:type\" content=\"article\" \/>\n<meta property=\"og:title\" content=\"Mercedes Erstinstallation Aktivierung SD Karte Navigation EUROPA 2021\/2022 AUDIO 20 NTG 5.5 A2059069606 - Navi-Express\" \/>\n<meta property=\"og:description\" content=\"Original + NEU + IN FOLIE VERSCHWEI\u00dfT Mercedes-Benz SD CARD \/ SD KARTE SD Karte f\u00fcr die Erstinstallation bzw. Aktivierung des Navis EUROPA 2021\/2022 f\u00fcr\u00a0Audio 20\u00a0NTG5.5 SD Karte f\u00fcr die Nachr\u00fcstung ( Code 357 ) &nbsp; Wichtige Hinweise: BITTE LESEN! PLEASE READ! Dies ist eine Originale und initiale Garmin\u00ae MAP PILOT SD-Karte, welche das Navigationsger\u00e4t NTG 5.5 aktiviert Die SD-Karte eignet sich\u00a0NICHT\u00a0f\u00fcr NTG5 Star1 oder NTG5 Star2 !    Code 355\u00a0(vorhandene Vorr\u00fcstung) muss vorhanden sein !    Code 506\u00a0(Audio 20 mit gr\u00f6\u00dferem Display) muss vorhanden sein !\" \/>\n<meta property=\"og:url\" content=\"https:\/\/www.navi-express.com\/en\/shop\/mercedes-benz\/sd-karte-mercedes-benz-audio-20-ntg-5-5\/mercedes-erstinstallation-aktivierung-sd-karte-navigation-europa-2021-2022-audio-20-ntg-5-5-a2059069606\/\" \/>\n<meta property=\"og:site_name\" content=\"Navi-Express\" \/>\n<meta property=\"article:modified_time\" content=\"2024-12-13T15:34:55+00:00\" \/>\n<meta property=\"og:image\" content=\"https:\/\/www.navi-express.com\/wp-content\/uploads\/2021\/03\/Mercedes-AUDIO-20-NTG-5.5-Europa-2021-2022-Erstinstallation-1--scaled.jpg\" \/>\n\t<meta property=\"og:image:width\" content=\"1920\" \/>\n\t<meta property=\"og:image:height\" content=\"2560\" \/>\n\t<meta property=\"og:image:type\" content=\"image\/jpeg\" \/>\n<meta name=\"twitter:card\" content=\"summary_large_image\" \/>\n<meta name=\"twitter:label1\" content=\"Est. reading time\" \/>\n\t<meta name=\"twitter:data1\" content=\"2 minutes\" \/>\n<script type=\"application\/ld+json\" class=\"yoast-schema-graph\">{\"@context\":\"https:\\\/\\\/schema.org\",\"@graph\":[{\"@type\":\"WebPage\",\"@id\":\"https:\\\/\\\/www.navi-express.com\\\/shop\\\/mercedes-benz\\\/sd-karte-mercedes-benz-audio-20-ntg-5-5\\\/mercedes-erstinstallation-aktivierung-sd-karte-navigation-europa-2021-2022-audio-20-ntg-5-5-a2059069606\\\/\",\"url\":\"https:\\\/\\\/www.navi-express.com\\\/shop\\\/mercedes-benz\\\/sd-karte-mercedes-benz-audio-20-ntg-5-5\\\/mercedes-erstinstallation-aktivierung-sd-karte-navigation-europa-2021-2022-audio-20-ntg-5-5-a2059069606\\\/\",\"name\":\"Mercedes Erstinstallation Aktivierung SD Karte Navigation EUROPA 2021\\\/2022 AUDIO 20 NTG 5.5 A2059069606 - Navi-Express\",\"isPartOf\":{\"@id\":\"https:\\\/\\\/www.navi-express.com\\\/#website\"},\"primaryImageOfPage\":{\"@id\":\"https:\\\/\\\/www.navi-express.com\\\/shop\\\/mercedes-benz\\\/sd-karte-mercedes-benz-audio-20-ntg-5-5\\\/mercedes-erstinstallation-aktivierung-sd-karte-navigation-europa-2021-2022-audio-20-ntg-5-5-a2059069606\\\/#primaryimage\"},\"image\":{\"@id\":\"https:\\\/\\\/www.navi-express.com\\\/shop\\\/mercedes-benz\\\/sd-karte-mercedes-benz-audio-20-ntg-5-5\\\/mercedes-erstinstallation-aktivierung-sd-karte-navigation-europa-2021-2022-audio-20-ntg-5-5-a2059069606\\\/#primaryimage\"},\"thumbnailUrl\":\"https:\\\/\\\/www.navi-express.com\\\/wp-content\\\/uploads\\\/2021\\\/03\\\/Mercedes-AUDIO-20-NTG-5.5-Europa-2021-2022-Erstinstallation-1--scaled.jpg\",\"datePublished\":\"2021-03-15T09:45:37+00:00\",\"dateModified\":\"2024-12-13T15:34:55+00:00\",\"breadcrumb\":{\"@id\":\"https:\\\/\\\/www.navi-express.com\\\/shop\\\/mercedes-benz\\\/sd-karte-mercedes-benz-audio-20-ntg-5-5\\\/mercedes-erstinstallation-aktivierung-sd-karte-navigation-europa-2021-2022-audio-20-ntg-5-5-a2059069606\\\/#breadcrumb\"},\"inLanguage\":\"en-US\",\"potentialAction\":[{\"@type\":\"ReadAction\",\"target\":[\"https:\\\/\\\/www.navi-express.com\\\/shop\\\/mercedes-benz\\\/sd-karte-mercedes-benz-audio-20-ntg-5-5\\\/mercedes-erstinstallation-aktivierung-sd-karte-navigation-europa-2021-2022-audio-20-ntg-5-5-a2059069606\\\/\"]}]},{\"@type\":\"ImageObject\",\"inLanguage\":\"en-US\",\"@id\":\"https:\\\/\\\/www.navi-express.com\\\/shop\\\/mercedes-benz\\\/sd-karte-mercedes-benz-audio-20-ntg-5-5\\\/mercedes-erstinstallation-aktivierung-sd-karte-navigation-europa-2021-2022-audio-20-ntg-5-5-a2059069606\\\/#primaryimage\",\"url\":\"https:\\\/\\\/www.navi-express.com\\\/wp-content\\\/uploads\\\/2021\\\/03\\\/Mercedes-AUDIO-20-NTG-5.5-Europa-2021-2022-Erstinstallation-1--scaled.jpg\",\"contentUrl\":\"https:\\\/\\\/www.navi-express.com\\\/wp-content\\\/uploads\\\/2021\\\/03\\\/Mercedes-AUDIO-20-NTG-5.5-Europa-2021-2022-Erstinstallation-1--scaled.jpg\",\"width\":1920,\"height\":2560},{\"@type\":\"BreadcrumbList\",\"@id\":\"https:\\\/\\\/www.navi-express.com\\\/shop\\\/mercedes-benz\\\/sd-karte-mercedes-benz-audio-20-ntg-5-5\\\/mercedes-erstinstallation-aktivierung-sd-karte-navigation-europa-2021-2022-audio-20-ntg-5-5-a2059069606\\\/#breadcrumb\",\"itemListElement\":[{\"@type\":\"ListItem\",\"position\":1,\"name\":\"Startseite\",\"item\":\"https:\\\/\\\/www.navi-express.com\\\/\"},{\"@type\":\"ListItem\",\"position\":2,\"name\":\"Shop\",\"item\":\"https:\\\/\\\/www.navi-express.com\\\/shop\\\/\"},{\"@type\":\"ListItem\",\"position\":3,\"name\":\"Mercedes Erstinstallation Aktivierung SD Karte Navigation EUROPA 2021\\\/2022 AUDIO 20 NTG 5.5 A2059069606\"}]},{\"@type\":\"WebSite\",\"@id\":\"https:\\\/\\\/www.navi-express.com\\\/#website\",\"url\":\"https:\\\/\\\/www.navi-express.com\\\/\",\"name\":\"Navi-Express\",\"description\":\"Ihr Experte f\u00fcr Navigation\",\"publisher\":{\"@id\":\"https:\\\/\\\/www.navi-express.com\\\/#organization\"},\"alternateName\":\"NE\",\"potentialAction\":[{\"@type\":\"SearchAction\",\"target\":{\"@type\":\"EntryPoint\",\"urlTemplate\":\"https:\\\/\\\/www.navi-express.com\\\/?s={search_term_string}\"},\"query-input\":{\"@type\":\"PropertyValueSpecification\",\"valueRequired\":true,\"valueName\":\"search_term_string\"}}],\"inLanguage\":\"en-US\"},{\"@type\":\"Organization\",\"@id\":\"https:\\\/\\\/www.navi-express.com\\\/#organization\",\"name\":\"Navi-Express\",\"alternateName\":\"NE\",\"url\":\"https:\\\/\\\/www.navi-express.com\\\/\",\"logo\":{\"@type\":\"ImageObject\",\"inLanguage\":\"en-US\",\"@id\":\"https:\\\/\\\/www.navi-express.com\\\/#\\\/schema\\\/logo\\\/image\\\/\",\"url\":\"https:\\\/\\\/www.navi-express.com\\\/wp-content\\\/uploads\\\/2019\\\/03\\\/cropped-logo-transpbearb-1.png\",\"contentUrl\":\"https:\\\/\\\/www.navi-express.com\\\/wp-content\\\/uploads\\\/2019\\\/03\\\/cropped-logo-transpbearb-1.png\",\"width\":512,\"height\":512,\"caption\":\"Navi-Express\"},\"image\":{\"@id\":\"https:\\\/\\\/www.navi-express.com\\\/#\\\/schema\\\/logo\\\/image\\\/\"}}]}<\/script>\n<!-- \/ Yoast SEO plugin. -->","yoast_head_json":{"title":"Mercedes Erstinstallation Aktivierung SD Karte Navigation EUROPA 2021\/2022 AUDIO 20 NTG 5.5 A2059069606 - Navi-Express","robots":{"index":"index","follow":"follow","max-snippet":"max-snippet:-1","max-image-preview":"max-image-preview:large","max-video-preview":"max-video-preview:-1"},"canonical":"https:\/\/www.navi-express.com\/en\/shop\/mercedes-benz\/sd-karte-mercedes-benz-audio-20-ntg-5-5\/mercedes-erstinstallation-aktivierung-sd-karte-navigation-europa-2021-2022-audio-20-ntg-5-5-a2059069606\/","og_locale":"en_US","og_type":"article","og_title":"Mercedes Erstinstallation Aktivierung SD Karte Navigation EUROPA 2021\/2022 AUDIO 20 NTG 5.5 A2059069606 - Navi-Express","og_description":"Original + NEU + IN FOLIE VERSCHWEI\u00dfT Mercedes-Benz SD CARD \/ SD KARTE SD Karte f\u00fcr die Erstinstallation bzw. Aktivierung des Navis EUROPA 2021\/2022 f\u00fcr\u00a0Audio 20\u00a0NTG5.5 SD Karte f\u00fcr die Nachr\u00fcstung ( Code 357 ) &nbsp; Wichtige Hinweise: BITTE LESEN! PLEASE READ! Dies ist eine Originale und initiale Garmin\u00ae MAP PILOT SD-Karte, welche das Navigationsger\u00e4t NTG 5.5 aktiviert Die SD-Karte eignet sich\u00a0NICHT\u00a0f\u00fcr NTG5 Star1 oder NTG5 Star2 !    Code 355\u00a0(vorhandene Vorr\u00fcstung) muss vorhanden sein !    Code 506\u00a0(Audio 20 mit gr\u00f6\u00dferem Display) muss vorhanden sein !","og_url":"https:\/\/www.navi-express.com\/en\/shop\/mercedes-benz\/sd-karte-mercedes-benz-audio-20-ntg-5-5\/mercedes-erstinstallation-aktivierung-sd-karte-navigation-europa-2021-2022-audio-20-ntg-5-5-a2059069606\/","og_site_name":"Navi-Express","article_modified_time":"2024-12-13T15:34:55+00:00","og_image":[{"width":1920,"height":2560,"url":"https:\/\/www.navi-express.com\/wp-content\/uploads\/2021\/03\/Mercedes-AUDIO-20-NTG-5.5-Europa-2021-2022-Erstinstallation-1--scaled.jpg","type":"image\/jpeg"}],"twitter_card":"summary_large_image","twitter_misc":{"Est. reading time":"2 minutes"},"schema":{"@context":"https:\/\/schema.org","@graph":[{"@type":"WebPage","@id":"https:\/\/www.navi-express.com\/shop\/mercedes-benz\/sd-karte-mercedes-benz-audio-20-ntg-5-5\/mercedes-erstinstallation-aktivierung-sd-karte-navigation-europa-2021-2022-audio-20-ntg-5-5-a2059069606\/","url":"https:\/\/www.navi-express.com\/shop\/mercedes-benz\/sd-karte-mercedes-benz-audio-20-ntg-5-5\/mercedes-erstinstallation-aktivierung-sd-karte-navigation-europa-2021-2022-audio-20-ntg-5-5-a2059069606\/","name":"Mercedes Erstinstallation Aktivierung SD Karte Navigation EUROPA 2021\/2022 AUDIO 20 NTG 5.5 A2059069606 - Navi-Express","isPartOf":{"@id":"https:\/\/www.navi-express.com\/#website"},"primaryImageOfPage":{"@id":"https:\/\/www.navi-express.com\/shop\/mercedes-benz\/sd-karte-mercedes-benz-audio-20-ntg-5-5\/mercedes-erstinstallation-aktivierung-sd-karte-navigation-europa-2021-2022-audio-20-ntg-5-5-a2059069606\/#primaryimage"},"image":{"@id":"https:\/\/www.navi-express.com\/shop\/mercedes-benz\/sd-karte-mercedes-benz-audio-20-ntg-5-5\/mercedes-erstinstallation-aktivierung-sd-karte-navigation-europa-2021-2022-audio-20-ntg-5-5-a2059069606\/#primaryimage"},"thumbnailUrl":"https:\/\/www.navi-express.com\/wp-content\/uploads\/2021\/03\/Mercedes-AUDIO-20-NTG-5.5-Europa-2021-2022-Erstinstallation-1--scaled.jpg","datePublished":"2021-03-15T09:45:37+00:00","dateModified":"2024-12-13T15:34:55+00:00","breadcrumb":{"@id":"https:\/\/www.navi-express.com\/shop\/mercedes-benz\/sd-karte-mercedes-benz-audio-20-ntg-5-5\/mercedes-erstinstallation-aktivierung-sd-karte-navigation-europa-2021-2022-audio-20-ntg-5-5-a2059069606\/#breadcrumb"},"inLanguage":"en-US","potentialAction":[{"@type":"ReadAction","target":["https:\/\/www.navi-express.com\/shop\/mercedes-benz\/sd-karte-mercedes-benz-audio-20-ntg-5-5\/mercedes-erstinstallation-aktivierung-sd-karte-navigation-europa-2021-2022-audio-20-ntg-5-5-a2059069606\/"]}]},{"@type":"ImageObject","inLanguage":"en-US","@id":"https:\/\/www.navi-express.com\/shop\/mercedes-benz\/sd-karte-mercedes-benz-audio-20-ntg-5-5\/mercedes-erstinstallation-aktivierung-sd-karte-navigation-europa-2021-2022-audio-20-ntg-5-5-a2059069606\/#primaryimage","url":"https:\/\/www.navi-express.com\/wp-content\/uploads\/2021\/03\/Mercedes-AUDIO-20-NTG-5.5-Europa-2021-2022-Erstinstallation-1--scaled.jpg","contentUrl":"https:\/\/www.navi-express.com\/wp-content\/uploads\/2021\/03\/Mercedes-AUDIO-20-NTG-5.5-Europa-2021-2022-Erstinstallation-1--scaled.jpg","width":1920,"height":2560},{"@type":"BreadcrumbList","@id":"https:\/\/www.navi-express.com\/shop\/mercedes-benz\/sd-karte-mercedes-benz-audio-20-ntg-5-5\/mercedes-erstinstallation-aktivierung-sd-karte-navigation-europa-2021-2022-audio-20-ntg-5-5-a2059069606\/#breadcrumb","itemListElement":[{"@type":"ListItem","position":1,"name":"Startseite","item":"https:\/\/www.navi-express.com\/"},{"@type":"ListItem","position":2,"name":"Shop","item":"https:\/\/www.navi-express.com\/shop\/"},{"@type":"ListItem","position":3,"name":"Mercedes Erstinstallation Aktivierung SD Karte Navigation EUROPA 2021\/2022 AUDIO 20 NTG 5.5 A2059069606"}]},{"@type":"WebSite","@id":"https:\/\/www.navi-express.com\/#website","url":"https:\/\/www.navi-express.com\/","name":"Navi-Express","description":"Ihr Experte f\u00fcr Navigation","publisher":{"@id":"https:\/\/www.navi-express.com\/#organization"},"alternateName":"NE","potentialAction":[{"@type":"SearchAction","target":{"@type":"EntryPoint","urlTemplate":"https:\/\/www.navi-express.com\/?s={search_term_string}"},"query-input":{"@type":"PropertyValueSpecification","valueRequired":true,"valueName":"search_term_string"}}],"inLanguage":"en-US"},{"@type":"Organization","@id":"https:\/\/www.navi-express.com\/#organization","name":"Navi-Express","alternateName":"NE","url":"https:\/\/www.navi-express.com\/","logo":{"@type":"ImageObject","inLanguage":"en-US","@id":"https:\/\/www.navi-express.com\/#\/schema\/logo\/image\/","url":"https:\/\/www.navi-express.com\/wp-content\/uploads\/2019\/03\/cropped-logo-transpbearb-1.png","contentUrl":"https:\/\/www.navi-express.com\/wp-content\/uploads\/2019\/03\/cropped-logo-transpbearb-1.png","width":512,"height":512,"caption":"Navi-Express"},"image":{"@id":"https:\/\/www.navi-express.com\/#\/schema\/logo\/image\/"}}]}},"_links":{"self":[{"href":"https:\/\/www.navi-express.com\/en\/wp-json\/wp\/v2\/product\/684","targetHints":{"allow":["GET"]}}],"collection":[{"href":"https:\/\/www.navi-express.com\/en\/wp-json\/wp\/v2\/product"}],"about":[{"href":"https:\/\/www.navi-express.com\/en\/wp-json\/wp\/v2\/types\/product"}],"wp:featuredmedia":[{"embeddable":true,"href":"https:\/\/www.navi-express.com\/en\/wp-json\/wp\/v2\/media\/1033"}],"wp:attachment":[{"href":"https:\/\/www.navi-express.com\/en\/wp-json\/wp\/v2\/media?parent=684"}],"wp:term":[{"taxonomy":"product_brand","embeddable":true,"href":"https:\/\/www.navi-express.com\/en\/wp-json\/wp\/v2\/product_brand?post=684"},{"taxonomy":"product_cat","embeddable":true,"href":"https:\/\/www.navi-express.com\/en\/wp-json\/wp\/v2\/product_cat?post=684"},{"taxonomy":"product_tag","embeddable":true,"href":"https:\/\/www.navi-express.com\/en\/wp-json\/wp\/v2\/product_tag?post=684"}],"curies":[{"name":"wp","href":"https:\/\/api.w.org\/{rel}","templated":true}]}}