{"id":922,"date":"2022-01-24T12:02:38","date_gmt":"2022-01-24T11:02:38","guid":{"rendered":"https:\/\/www.navi-express.com\/?post_type=product&#038;p=922"},"modified":"2024-12-13T17:48:06","modified_gmt":"2024-12-13T16:48:06","slug":"ford-travelpilot-nx-navigations-dvd-update-europa-2021-a66sx10e898gj","status":"publish","type":"product","link":"https:\/\/www.navi-express.com\/en\/shop\/ford\/dvd-navigation-ford-travelpilot-nx\/ford-travelpilot-nx-navigations-dvd-update-europa-2021-a66sx10e898gj\/","title":{"rendered":"FORD TravelPilot NX Navigations-DVD Update EUROPA 2021 A66SX10E898GJ"},"content":{"rendered":"<p><span style=\"color: #000000;\"><strong><span style=\"font-family: Arial; font-size: large;\">Original und Neu Ford Navigations-DVD<\/span><\/strong><\/span><\/p>\n<p><strong style=\"color: #000000;\"><span style=\"font-family: Arial; font-size: large;\">Ford TravelPilot NX<\/span><\/strong><\/p>\n<p><span style=\"color: #000000;\"><strong><span style=\"font-family: Arial; font-size: large;\">Europa 2021<\/span><\/strong><\/span><\/p>\n<p><span style=\"color: #000000;\"><strong><span style=\"font-family: Arial; font-size: large;\">Final Update<\/span><\/strong><\/span><\/p>\n<p style=\"font-weight: 400;\"><span style=\"color: #000000;\"><strong><span style=\"font-family: Arial; font-size: large;\">Teilenummer: A66SX10E898GJ<\/span><\/strong><\/span><\/p>\n<p>&nbsp;<\/p>\n<p><span style=\"color: #00ccff;\"><span style=\"color: #000000; font-family: Arial; font-size: large;\"><b>WICHTIG:<\/b><\/span><\/span><\/p>\n<p><span style=\"color: #00ccff;\"><span style=\"color: #000000; font-family: Arial; font-size: large;\"><b>Nur kompatibel ab &#8220; Main Software Version ver. SP 5.0<\/b><\/span><\/span><\/p>\n<p><span style=\"color: #00ccff;\"><span style=\"color: #000000; font-family: Arial; font-size: large;\"><b>Bitte vor Kauf \u00fcberpr\u00fcfen und falls n\u00f6tig vorab von Ihrem Ford Partner updaten lassen<\/b><\/span><\/span><\/p>\n<p>&nbsp;<\/p>\n<p>&nbsp;<\/p>\n<p style=\"font-weight: 400;\"><span style=\"color: #000000;\"><strong><u><span style=\"font-family: Arial; font-size: large;\">Passend f\u00fcr folgende Ford Modelle mit TravelPilot NX Navi:<\/span><\/u><\/strong><\/span><\/p>\n<blockquote><p><span style=\"color: #00ccff;\"><span style=\"color: #000000; font-family: Arial; font-size: large;\"><b>Wie Ihr Navi aussehen muss, sehen Sie bei den Bildern<\/b><\/span><\/span><\/p>\n<p><span style=\"color: #00ccff;\"><span style=\"color: #000000; font-family: Arial; font-size: large;\"><b>Navi-Laufwerk befindet sich hinter der Blende unter dem Navi-Bildschirm<\/b><\/span><\/span><\/p>\n<p><span style=\"color: #00ccff;\"><span style=\"color: #000000; font-family: Arial; font-size: large;\"><b>Wenn Sie hinter der Blende einen SD Karten Slot haben, dann ist diese DVD nicht geeignet !<\/b><\/span><\/span><\/p><\/blockquote>\n<p>&nbsp;<\/p>\n<p><strong><span style=\"color: #000000;\"><span style=\"font-family: Arial; font-size: large;\">Modell:\u00a0 \u00a0 \u00a0 \u00a0 \u00a0 \u00a0 \u00a0 \u00a0 \u00a0 \u00a0 \u00a0 \u00a0 \u00a0Baujahr:<\/span><\/span><\/strong><\/p>\n<p><span style=\"color: #000000;\"><strong><span style=\"font-family: Arial; font-size: large;\">FOCUS\u00a0 \u00a0 \u00a0 \u00a0 \u00a0 \u00a0 \u00a0 ( ab 10\/2007 &#8211; 10\/2010 )<\/span><\/strong><\/span><\/p>\n<p><span style=\"color: #000000;\"><strong><span style=\"font-family: Arial; font-size: large;\">C-MAX\u00a0 \u00a0 \u00a0 \u00a0 \u00a0 \u00a0 \u00a0 \u00a0( ab 10\/2007 &#8211; 10\/2010 )<\/span><\/strong><\/span><\/p>\n<p><span style=\"color: #000000;\"><strong><span style=\"font-family: Arial; font-size: large;\">GALAXY\u00a0 \u00a0 \u00a0 \u00a0 \u00a0 \u00a0 ( ab 10\/2007 &#8211; 08\/2010 )<\/span><\/strong><\/span><\/p>\n<p><span style=\"color: #000000;\"><strong><span style=\"font-family: Arial; font-size: large;\">MONDEO\u00a0 \u00a0 \u00a0 \u00a0 \u00a0 \u00a0( ab 10\/2007 &#8211; 08\/2010 )<\/span><\/strong><\/span><\/p>\n<p><span style=\"color: #000000;\"><strong><span style=\"font-family: Arial; font-size: large;\">KUGA\u00a0 \u00a0 \u00a0 \u00a0 \u00a0 \u00a0 \u00a0 \u00a0 ( ab 04\/2008 &#8211; 10\/2010 )<\/span><\/strong><\/span><\/p>\n<p><span style=\"color: #000000;\"><strong><span style=\"font-family: Arial; font-size: large;\">S-MAX\u00a0 \u00a0 \u00a0 \u00a0 \u00a0 \u00a0 \u00a0 \u00a0( ab 10\/2007 &#8211; 08\/2010 )<\/span><\/strong><\/span><\/p>\n<p>&nbsp;<\/p>\n<p>&nbsp;<\/p>\n<p>&nbsp;<\/p>\n<p><span style=\"color: #000000;\"><strong><span style=\"font-family: Arial; font-size: large;\"><u>Verf\u00fcgbare L\u00e4nder:<\/u><\/span><\/strong><\/span><\/p>\n<p><span style=\"color: #000000;\"><strong><span style=\"font-family: Arial; font-size: large;\">Deutschland , \u00d6sterreich , Schweiz , Andorra , Belgien , Kroatien , Tschechien , <\/span><\/strong><\/span><span style=\"color: #000000;\"><strong><span style=\"font-family: Arial; font-size: large;\">D\u00e4nemark , <\/span><\/strong><\/span><\/p>\n<p><span style=\"color: #000000;\"><strong><span style=\"font-family: Arial; font-size: large;\">Spanien , <\/span><\/strong><\/span><span style=\"color: #000000;\"><strong><span style=\"font-family: Arial; font-size: large;\">Frankreich , Finnland , Liechtenstein , Gro\u00dfbritannien ,\u00a0<\/span><\/strong><\/span><span style=\"color: #000000;\"><strong><span style=\"font-family: Arial; font-size: large;\">Gibraltar,\u00a0<\/span><\/strong><\/span><span style=\"color: #000000;\"><strong><span style=\"font-family: Arial; font-size: large;\">Ungarn, Italien , <\/span><\/strong><\/span><\/p>\n<p><span style=\"color: #000000;\"><strong><span style=\"font-family: Arial; font-size: large;\">Irland , Luxemburg , <\/span><\/strong><\/span><span style=\"color: #000000;\"><strong><span style=\"font-family: Arial; font-size: large;\">Monaco, Norwegen,\u00a0<\/span><\/strong><\/span><span style=\"color: #000000;\"><strong><span style=\"font-family: Arial; font-size: large;\">Niederlande,\u00a0<\/span><\/strong><\/span><span style=\"color: #000000;\"><strong><span style=\"font-family: Arial; font-size: large;\">Portugal, Polen,\u00a0<\/span><\/strong><\/span><span style=\"color: #000000;\"><strong><span style=\"font-family: Arial; font-size: large;\">San Marino, Schweden , <\/span><\/strong><\/span><\/p>\n<p><span style=\"color: #000000;\"><strong><span style=\"font-family: Arial; font-size: large;\">Slowakei , Slowenien , Vatikan<\/span><\/strong><\/span><\/p>\n<p>&nbsp;<\/p>\n<p>____________________________________________________________________________________________________________________<\/p>\n<p><strong><span style=\"color: #000000;\"><u>Hersteller \/ EU verantwortliche Person:<\/u><\/span><\/strong><\/p>\n<p><strong><span style=\"color: #000000;\">Robert Bosch GmbH<\/span><\/strong><\/p>\n<p><strong><span style=\"color: #000000;\">Robert-Bosch-Platz 1<\/span><\/strong><\/p>\n<p><strong><span style=\"color: #000000;\">70839 Gerlingen-Schillerh\u00f6he<\/span><\/strong><\/p>\n<p><strong><span style=\"color: #000000;\">Deutschland<\/span><\/strong><\/p>\n<p><strong><span style=\"color: #000000;\">Tel.: +49 711 400 40990<\/span><\/strong><\/p>\n<p><strong><span style=\"color: #000000;\">E-Mail: kontakt@bosch.de<\/span><\/strong><\/p>","protected":false},"excerpt":{"rendered":"<p><span style=\"color: #000000;\"><strong><span style=\"font-family: Arial; font-size: large;\">Original und Neu Ford Navigations-DVD<\/span><\/strong><\/span><\/p>\n<p><strong style=\"color: #000000;\"><span style=\"font-family: Arial; font-size: large;\">Ford TravelPilot NX<\/span><\/strong><\/p>\n<p><span style=\"color: #000000;\"><strong><span style=\"font-family: Arial; font-size: large;\">Europa 2021 (final Update)<\/span><\/strong><\/span><\/p>\n<p style=\"font-weight: 400;\"><span style=\"color: #000000;\"><strong><span style=\"font-family: Arial; font-size: large;\">Teilenummer: A66SX10E898GJ<\/span><\/strong><\/span><\/p>\n<p>&nbsp;<\/p>\n<p><span style=\"color: #00ccff;\"><span style=\"color: #000000; font-family: Arial; font-size: large;\"><b>WICHTIG:<\/b><\/span><\/span><\/p>\n<p><span style=\"color: #00ccff;\"><span style=\"color: #000000; font-family: Arial; font-size: large;\"><b>Nur kompatibel ab &#8220; Main Software Version ver. SP 5.0<\/b><\/span><\/span><\/p>\n<p><span style=\"color: #00ccff;\"><span style=\"color: #000000; font-family: Arial; font-size: large;\"><b>Bitte vor Kauf \u00fcberpr\u00fcfen und falls n\u00f6tig vorab von Ihrem Ford Partner updaten lassen<\/b><\/span><\/span><\/p>","protected":false},"featured_media":923,"template":"","meta":{"ocean_post_layout":"","ocean_both_sidebars_style":"","ocean_both_sidebars_content_width":0,"ocean_both_sidebars_sidebars_width":0,"ocean_sidebar":"0","ocean_second_sidebar":"0","ocean_disable_margins":"enable","ocean_add_body_class":"","ocean_shortcode_before_top_bar":"","ocean_shortcode_after_top_bar":"","ocean_shortcode_before_header":"","ocean_shortcode_after_header":"","ocean_has_shortcode":"","ocean_shortcode_after_title":"","ocean_shortcode_before_footer_widgets":"","ocean_shortcode_after_footer_widgets":"","ocean_shortcode_before_footer_bottom":"","ocean_shortcode_after_footer_bottom":"","ocean_display_top_bar":"default","ocean_display_header":"default","ocean_header_style":"","ocean_center_header_left_menu":"0","ocean_custom_header_template":"0","ocean_custom_logo":0,"ocean_custom_retina_logo":0,"ocean_custom_logo_max_width":0,"ocean_custom_logo_tablet_max_width":0,"ocean_custom_logo_mobile_max_width":0,"ocean_custom_logo_max_height":0,"ocean_custom_logo_tablet_max_height":0,"ocean_custom_logo_mobile_max_height":0,"ocean_header_custom_menu":"0","ocean_menu_typo_font_family":"0","ocean_menu_typo_font_subset":"","ocean_menu_typo_font_size":0,"ocean_menu_typo_font_size_tablet":0,"ocean_menu_typo_font_size_mobile":0,"ocean_menu_typo_font_size_unit":"px","ocean_menu_typo_font_weight":"","ocean_menu_typo_font_weight_tablet":"","ocean_menu_typo_font_weight_mobile":"","ocean_menu_typo_transform":"","ocean_menu_typo_transform_tablet":"","ocean_menu_typo_transform_mobile":"","ocean_menu_typo_line_height":0,"ocean_menu_typo_line_height_tablet":0,"ocean_menu_typo_line_height_mobile":0,"ocean_menu_typo_line_height_unit":"","ocean_menu_typo_spacing":0,"ocean_menu_typo_spacing_tablet":0,"ocean_menu_typo_spacing_mobile":0,"ocean_menu_typo_spacing_unit":"","ocean_menu_link_color":"","ocean_menu_link_color_hover":"","ocean_menu_link_color_active":"","ocean_menu_link_background":"","ocean_menu_link_hover_background":"","ocean_menu_link_active_background":"","ocean_menu_social_links_bg":"","ocean_menu_social_hover_links_bg":"","ocean_menu_social_links_color":"","ocean_menu_social_hover_links_color":"","ocean_disable_title":"default","ocean_disable_heading":"default","ocean_post_title":"","ocean_post_subheading":"","ocean_post_title_style":"","ocean_post_title_background_color":"","ocean_post_title_background":0,"ocean_post_title_bg_image_position":"","ocean_post_title_bg_image_attachment":"","ocean_post_title_bg_image_repeat":"","ocean_post_title_bg_image_size":"","ocean_post_title_height":0,"ocean_post_title_bg_overlay":0.5,"ocean_post_title_bg_overlay_color":"","ocean_disable_breadcrumbs":"default","ocean_breadcrumbs_color":"","ocean_breadcrumbs_separator_color":"","ocean_breadcrumbs_links_color":"","ocean_breadcrumbs_links_hover_color":"","ocean_display_footer_widgets":"default","ocean_display_footer_bottom":"default","ocean_custom_footer_template":"0"},"product_brand":[],"product_cat":[311],"product_tag":[313,314,312],"class_list":{"0":"post-922","1":"product","2":"type-product","3":"status-publish","4":"has-post-thumbnail","6":"product_cat-dvd-navigation-ford-travelpilot-nx","7":"product_tag-a66sx10e898gj","8":"product_tag-europa-2021","9":"product_tag-ford-travelpilot-nx","11":"entry","12":"has-media","14":"first","15":"outofstock","16":"purchasable","17":"product-type-simple","18":"col","19":"span_1_of_4","20":"owp-content-center","21":"item-entry","22":"owp-thumbs-layout-horizontal","23":"owp-btn-normal","24":"owp-tabs-layout-horizontal"},"yoast_head":"<!-- This site is optimized with the Yoast SEO plugin v27.4 - https:\/\/yoast.com\/product\/yoast-seo-wordpress\/ -->\n<title>FORD TravelPilot NX Navigations-DVD Update EUROPA 2021 A66SX10E898GJ - Navi-Express<\/title>\n<meta name=\"robots\" content=\"index, follow, max-snippet:-1, max-image-preview:large, max-video-preview:-1\" \/>\n<link rel=\"canonical\" href=\"https:\/\/www.navi-express.com\/en\/shop\/ford\/dvd-navigation-ford-travelpilot-nx\/ford-travelpilot-nx-navigations-dvd-update-europa-2021-a66sx10e898gj\/\" \/>\n<meta property=\"og:locale\" content=\"en_US\" \/>\n<meta property=\"og:type\" content=\"article\" \/>\n<meta property=\"og:title\" content=\"FORD TravelPilot NX Navigations-DVD Update EUROPA 2021 A66SX10E898GJ - Navi-Express\" \/>\n<meta property=\"og:description\" content=\"Original und Neu Ford Navigations-DVD  Ford TravelPilot NX  Europa 2021 (final Update) Teilenummer: A66SX10E898GJ &nbsp;  WICHTIG:  Nur kompatibel ab &quot; Main Software Version ver. SP 5.0  Bitte vor Kauf \u00fcberpr\u00fcfen und falls n\u00f6tig vorab von Ihrem Ford Partner updaten lassen\" \/>\n<meta property=\"og:url\" content=\"https:\/\/www.navi-express.com\/en\/shop\/ford\/dvd-navigation-ford-travelpilot-nx\/ford-travelpilot-nx-navigations-dvd-update-europa-2021-a66sx10e898gj\/\" \/>\n<meta property=\"og:site_name\" content=\"Navi-Express\" \/>\n<meta property=\"article:modified_time\" content=\"2024-12-13T16:48:06+00:00\" \/>\n<meta property=\"og:image\" content=\"https:\/\/www.navi-express.com\/wp-content\/uploads\/2022\/01\/FORD-NX-DVD-Europa-2021-1--scaled.jpg\" \/>\n\t<meta property=\"og:image:width\" content=\"1920\" \/>\n\t<meta property=\"og:image:height\" content=\"2560\" \/>\n\t<meta property=\"og:image:type\" content=\"image\/jpeg\" \/>\n<meta name=\"twitter:card\" content=\"summary_large_image\" \/>\n<meta name=\"twitter:label1\" content=\"Est. reading time\" \/>\n\t<meta name=\"twitter:data1\" content=\"1 minute\" \/>\n<script type=\"application\/ld+json\" class=\"yoast-schema-graph\">{\"@context\":\"https:\\\/\\\/schema.org\",\"@graph\":[{\"@type\":\"WebPage\",\"@id\":\"https:\\\/\\\/www.navi-express.com\\\/shop\\\/ford\\\/dvd-navigation-ford-travelpilot-nx\\\/ford-travelpilot-nx-navigations-dvd-update-europa-2021-a66sx10e898gj\\\/\",\"url\":\"https:\\\/\\\/www.navi-express.com\\\/shop\\\/ford\\\/dvd-navigation-ford-travelpilot-nx\\\/ford-travelpilot-nx-navigations-dvd-update-europa-2021-a66sx10e898gj\\\/\",\"name\":\"FORD TravelPilot NX Navigations-DVD Update EUROPA 2021 A66SX10E898GJ - Navi-Express\",\"isPartOf\":{\"@id\":\"https:\\\/\\\/www.navi-express.com\\\/#website\"},\"primaryImageOfPage\":{\"@id\":\"https:\\\/\\\/www.navi-express.com\\\/shop\\\/ford\\\/dvd-navigation-ford-travelpilot-nx\\\/ford-travelpilot-nx-navigations-dvd-update-europa-2021-a66sx10e898gj\\\/#primaryimage\"},\"image\":{\"@id\":\"https:\\\/\\\/www.navi-express.com\\\/shop\\\/ford\\\/dvd-navigation-ford-travelpilot-nx\\\/ford-travelpilot-nx-navigations-dvd-update-europa-2021-a66sx10e898gj\\\/#primaryimage\"},\"thumbnailUrl\":\"https:\\\/\\\/www.navi-express.com\\\/wp-content\\\/uploads\\\/2022\\\/01\\\/FORD-NX-DVD-Europa-2021-1--scaled.jpg\",\"datePublished\":\"2022-01-24T11:02:38+00:00\",\"dateModified\":\"2024-12-13T16:48:06+00:00\",\"breadcrumb\":{\"@id\":\"https:\\\/\\\/www.navi-express.com\\\/shop\\\/ford\\\/dvd-navigation-ford-travelpilot-nx\\\/ford-travelpilot-nx-navigations-dvd-update-europa-2021-a66sx10e898gj\\\/#breadcrumb\"},\"inLanguage\":\"en-US\",\"potentialAction\":[{\"@type\":\"ReadAction\",\"target\":[\"https:\\\/\\\/www.navi-express.com\\\/shop\\\/ford\\\/dvd-navigation-ford-travelpilot-nx\\\/ford-travelpilot-nx-navigations-dvd-update-europa-2021-a66sx10e898gj\\\/\"]}]},{\"@type\":\"ImageObject\",\"inLanguage\":\"en-US\",\"@id\":\"https:\\\/\\\/www.navi-express.com\\\/shop\\\/ford\\\/dvd-navigation-ford-travelpilot-nx\\\/ford-travelpilot-nx-navigations-dvd-update-europa-2021-a66sx10e898gj\\\/#primaryimage\",\"url\":\"https:\\\/\\\/www.navi-express.com\\\/wp-content\\\/uploads\\\/2022\\\/01\\\/FORD-NX-DVD-Europa-2021-1--scaled.jpg\",\"contentUrl\":\"https:\\\/\\\/www.navi-express.com\\\/wp-content\\\/uploads\\\/2022\\\/01\\\/FORD-NX-DVD-Europa-2021-1--scaled.jpg\",\"width\":1920,\"height\":2560},{\"@type\":\"BreadcrumbList\",\"@id\":\"https:\\\/\\\/www.navi-express.com\\\/shop\\\/ford\\\/dvd-navigation-ford-travelpilot-nx\\\/ford-travelpilot-nx-navigations-dvd-update-europa-2021-a66sx10e898gj\\\/#breadcrumb\",\"itemListElement\":[{\"@type\":\"ListItem\",\"position\":1,\"name\":\"Startseite\",\"item\":\"https:\\\/\\\/www.navi-express.com\\\/\"},{\"@type\":\"ListItem\",\"position\":2,\"name\":\"Shop\",\"item\":\"https:\\\/\\\/www.navi-express.com\\\/shop\\\/\"},{\"@type\":\"ListItem\",\"position\":3,\"name\":\"FORD TravelPilot NX Navigations-DVD Update EUROPA 2021 A66SX10E898GJ\"}]},{\"@type\":\"WebSite\",\"@id\":\"https:\\\/\\\/www.navi-express.com\\\/#website\",\"url\":\"https:\\\/\\\/www.navi-express.com\\\/\",\"name\":\"Navi-Express\",\"description\":\"Ihr Experte f\u00fcr Navigation\",\"publisher\":{\"@id\":\"https:\\\/\\\/www.navi-express.com\\\/#organization\"},\"alternateName\":\"NE\",\"potentialAction\":[{\"@type\":\"SearchAction\",\"target\":{\"@type\":\"EntryPoint\",\"urlTemplate\":\"https:\\\/\\\/www.navi-express.com\\\/?s={search_term_string}\"},\"query-input\":{\"@type\":\"PropertyValueSpecification\",\"valueRequired\":true,\"valueName\":\"search_term_string\"}}],\"inLanguage\":\"en-US\"},{\"@type\":\"Organization\",\"@id\":\"https:\\\/\\\/www.navi-express.com\\\/#organization\",\"name\":\"Navi-Express\",\"alternateName\":\"NE\",\"url\":\"https:\\\/\\\/www.navi-express.com\\\/\",\"logo\":{\"@type\":\"ImageObject\",\"inLanguage\":\"en-US\",\"@id\":\"https:\\\/\\\/www.navi-express.com\\\/#\\\/schema\\\/logo\\\/image\\\/\",\"url\":\"https:\\\/\\\/www.navi-express.com\\\/wp-content\\\/uploads\\\/2019\\\/03\\\/cropped-logo-transpbearb-1.png\",\"contentUrl\":\"https:\\\/\\\/www.navi-express.com\\\/wp-content\\\/uploads\\\/2019\\\/03\\\/cropped-logo-transpbearb-1.png\",\"width\":512,\"height\":512,\"caption\":\"Navi-Express\"},\"image\":{\"@id\":\"https:\\\/\\\/www.navi-express.com\\\/#\\\/schema\\\/logo\\\/image\\\/\"}}]}<\/script>\n<!-- \/ Yoast SEO plugin. -->","yoast_head_json":{"title":"FORD TravelPilot NX Navigations-DVD Update EUROPA 2021 A66SX10E898GJ - Navi-Express","robots":{"index":"index","follow":"follow","max-snippet":"max-snippet:-1","max-image-preview":"max-image-preview:large","max-video-preview":"max-video-preview:-1"},"canonical":"https:\/\/www.navi-express.com\/en\/shop\/ford\/dvd-navigation-ford-travelpilot-nx\/ford-travelpilot-nx-navigations-dvd-update-europa-2021-a66sx10e898gj\/","og_locale":"en_US","og_type":"article","og_title":"FORD TravelPilot NX Navigations-DVD Update EUROPA 2021 A66SX10E898GJ - Navi-Express","og_description":"Original und Neu Ford Navigations-DVD  Ford TravelPilot NX  Europa 2021 (final Update) Teilenummer: A66SX10E898GJ &nbsp;  WICHTIG:  Nur kompatibel ab \" Main Software Version ver. SP 5.0  Bitte vor Kauf \u00fcberpr\u00fcfen und falls n\u00f6tig vorab von Ihrem Ford Partner updaten lassen","og_url":"https:\/\/www.navi-express.com\/en\/shop\/ford\/dvd-navigation-ford-travelpilot-nx\/ford-travelpilot-nx-navigations-dvd-update-europa-2021-a66sx10e898gj\/","og_site_name":"Navi-Express","article_modified_time":"2024-12-13T16:48:06+00:00","og_image":[{"width":1920,"height":2560,"url":"https:\/\/www.navi-express.com\/wp-content\/uploads\/2022\/01\/FORD-NX-DVD-Europa-2021-1--scaled.jpg","type":"image\/jpeg"}],"twitter_card":"summary_large_image","twitter_misc":{"Est. reading time":"1 minute"},"schema":{"@context":"https:\/\/schema.org","@graph":[{"@type":"WebPage","@id":"https:\/\/www.navi-express.com\/shop\/ford\/dvd-navigation-ford-travelpilot-nx\/ford-travelpilot-nx-navigations-dvd-update-europa-2021-a66sx10e898gj\/","url":"https:\/\/www.navi-express.com\/shop\/ford\/dvd-navigation-ford-travelpilot-nx\/ford-travelpilot-nx-navigations-dvd-update-europa-2021-a66sx10e898gj\/","name":"FORD TravelPilot NX Navigations-DVD Update EUROPA 2021 A66SX10E898GJ - Navi-Express","isPartOf":{"@id":"https:\/\/www.navi-express.com\/#website"},"primaryImageOfPage":{"@id":"https:\/\/www.navi-express.com\/shop\/ford\/dvd-navigation-ford-travelpilot-nx\/ford-travelpilot-nx-navigations-dvd-update-europa-2021-a66sx10e898gj\/#primaryimage"},"image":{"@id":"https:\/\/www.navi-express.com\/shop\/ford\/dvd-navigation-ford-travelpilot-nx\/ford-travelpilot-nx-navigations-dvd-update-europa-2021-a66sx10e898gj\/#primaryimage"},"thumbnailUrl":"https:\/\/www.navi-express.com\/wp-content\/uploads\/2022\/01\/FORD-NX-DVD-Europa-2021-1--scaled.jpg","datePublished":"2022-01-24T11:02:38+00:00","dateModified":"2024-12-13T16:48:06+00:00","breadcrumb":{"@id":"https:\/\/www.navi-express.com\/shop\/ford\/dvd-navigation-ford-travelpilot-nx\/ford-travelpilot-nx-navigations-dvd-update-europa-2021-a66sx10e898gj\/#breadcrumb"},"inLanguage":"en-US","potentialAction":[{"@type":"ReadAction","target":["https:\/\/www.navi-express.com\/shop\/ford\/dvd-navigation-ford-travelpilot-nx\/ford-travelpilot-nx-navigations-dvd-update-europa-2021-a66sx10e898gj\/"]}]},{"@type":"ImageObject","inLanguage":"en-US","@id":"https:\/\/www.navi-express.com\/shop\/ford\/dvd-navigation-ford-travelpilot-nx\/ford-travelpilot-nx-navigations-dvd-update-europa-2021-a66sx10e898gj\/#primaryimage","url":"https:\/\/www.navi-express.com\/wp-content\/uploads\/2022\/01\/FORD-NX-DVD-Europa-2021-1--scaled.jpg","contentUrl":"https:\/\/www.navi-express.com\/wp-content\/uploads\/2022\/01\/FORD-NX-DVD-Europa-2021-1--scaled.jpg","width":1920,"height":2560},{"@type":"BreadcrumbList","@id":"https:\/\/www.navi-express.com\/shop\/ford\/dvd-navigation-ford-travelpilot-nx\/ford-travelpilot-nx-navigations-dvd-update-europa-2021-a66sx10e898gj\/#breadcrumb","itemListElement":[{"@type":"ListItem","position":1,"name":"Startseite","item":"https:\/\/www.navi-express.com\/"},{"@type":"ListItem","position":2,"name":"Shop","item":"https:\/\/www.navi-express.com\/shop\/"},{"@type":"ListItem","position":3,"name":"FORD TravelPilot NX Navigations-DVD Update EUROPA 2021 A66SX10E898GJ"}]},{"@type":"WebSite","@id":"https:\/\/www.navi-express.com\/#website","url":"https:\/\/www.navi-express.com\/","name":"Navi-Express","description":"Ihr Experte f\u00fcr Navigation","publisher":{"@id":"https:\/\/www.navi-express.com\/#organization"},"alternateName":"NE","potentialAction":[{"@type":"SearchAction","target":{"@type":"EntryPoint","urlTemplate":"https:\/\/www.navi-express.com\/?s={search_term_string}"},"query-input":{"@type":"PropertyValueSpecification","valueRequired":true,"valueName":"search_term_string"}}],"inLanguage":"en-US"},{"@type":"Organization","@id":"https:\/\/www.navi-express.com\/#organization","name":"Navi-Express","alternateName":"NE","url":"https:\/\/www.navi-express.com\/","logo":{"@type":"ImageObject","inLanguage":"en-US","@id":"https:\/\/www.navi-express.com\/#\/schema\/logo\/image\/","url":"https:\/\/www.navi-express.com\/wp-content\/uploads\/2019\/03\/cropped-logo-transpbearb-1.png","contentUrl":"https:\/\/www.navi-express.com\/wp-content\/uploads\/2019\/03\/cropped-logo-transpbearb-1.png","width":512,"height":512,"caption":"Navi-Express"},"image":{"@id":"https:\/\/www.navi-express.com\/#\/schema\/logo\/image\/"}}]}},"_links":{"self":[{"href":"https:\/\/www.navi-express.com\/en\/wp-json\/wp\/v2\/product\/922","targetHints":{"allow":["GET"]}}],"collection":[{"href":"https:\/\/www.navi-express.com\/en\/wp-json\/wp\/v2\/product"}],"about":[{"href":"https:\/\/www.navi-express.com\/en\/wp-json\/wp\/v2\/types\/product"}],"wp:featuredmedia":[{"embeddable":true,"href":"https:\/\/www.navi-express.com\/en\/wp-json\/wp\/v2\/media\/923"}],"wp:attachment":[{"href":"https:\/\/www.navi-express.com\/en\/wp-json\/wp\/v2\/media?parent=922"}],"wp:term":[{"taxonomy":"product_brand","embeddable":true,"href":"https:\/\/www.navi-express.com\/en\/wp-json\/wp\/v2\/product_brand?post=922"},{"taxonomy":"product_cat","embeddable":true,"href":"https:\/\/www.navi-express.com\/en\/wp-json\/wp\/v2\/product_cat?post=922"},{"taxonomy":"product_tag","embeddable":true,"href":"https:\/\/www.navi-express.com\/en\/wp-json\/wp\/v2\/product_tag?post=922"}],"curies":[{"name":"wp","href":"https:\/\/api.w.org\/{rel}","templated":true}]}}